{"id":10934,"date":"2025-07-04T10:27:45","date_gmt":"2025-07-04T08:27:45","guid":{"rendered":"https:\/\/www.clipfritz.de\/support\/"},"modified":"2025-07-15T14:34:22","modified_gmt":"2025-07-15T12:34:22","slug":"support","status":"publish","type":"page","link":"https:\/\/www.clipfritz.de\/fr\/support\/","title":{"rendered":"Support"},"content":{"rendered":"\t\t<div data-elementor-type=\"wp-page\" data-elementor-id=\"10934\" class=\"elementor elementor-10934 elementor-10896\" data-elementor-post-type=\"page\">\n\t\t\t\t<div class=\"has_eae_slider elementor-element elementor-element-56c1fb55 e-flex e-con-boxed e-con e-parent\" data-eae-slider=\"97376\" data-particle_enable=\"false\" data-particle-mobile-disabled=\"false\" data-id=\"56c1fb55\" data-element_type=\"container\" data-e-type=\"container\">\n\t\t\t\t\t<div class=\"e-con-inner\">\n\t\t\t\t\t<\/div>\n\t\t\t\t<\/div>\n\t\t<div class=\"has_eae_slider elementor-element elementor-element-f36ddf2 e-flex e-con-boxed e-con e-parent\" data-eae-slider=\"24863\" data-particle_enable=\"false\" data-particle-mobile-disabled=\"false\" data-id=\"f36ddf2\" data-element_type=\"container\" data-e-type=\"container\">\n\t\t\t\t\t<div class=\"e-con-inner\">\n\t\t<div class=\"has_eae_slider elementor-element elementor-element-8a7468c e-con-full e-flex e-con e-child\" data-eae-slider=\"9120\" data-particle_enable=\"false\" data-particle-mobile-disabled=\"false\" data-id=\"8a7468c\" data-element_type=\"container\" data-e-type=\"container\">\n\t\t\t\t<\/div>\n\t\t<div class=\"has_eae_slider elementor-element elementor-element-70d82fc e-con-full e-flex e-con e-child\" data-eae-slider=\"52439\" data-particle_enable=\"false\" data-particle-mobile-disabled=\"false\" data-id=\"70d82fc\" data-element_type=\"container\" data-e-type=\"container\">\n\t\t\t\t<div class=\"elementor-element elementor-element-1041280 elementor-widget elementor-widget-heading\" data-id=\"1041280\" data-element_type=\"widget\" data-e-type=\"widget\" data-widget_type=\"heading.default\">\n\t\t\t\t<div class=\"elementor-widget-container\">\n\t\t\t\t\t<h2 class=\"elementor-heading-title elementor-size-default\">Support \/ Pi\u00e8ces de rechange<\/h2>\t\t\t\t<\/div>\n\t\t\t\t<\/div>\n\t\t\t\t<div class=\"elementor-element elementor-element-d6900a4 eael-contact-form-7-button-align-left eael-contact-form-7-button-custom elementor-widget elementor-widget-eael-contact-form-7\" data-id=\"d6900a4\" data-element_type=\"widget\" data-e-type=\"widget\" data-widget_type=\"eael-contact-form-7.default\">\n\t\t\t\t<div class=\"elementor-widget-container\">\n\t\t\t\t\t<div class=\"eael-contact-form-7-wrapper\">\n                <div class=\"eael-contact-form eael-contact-form-7 eael-contact-form-d6900a4 placeholder-show eael-contact-form-align-default\">\n<div class=\"wpcf7 no-js\" id=\"wpcf7-f10924-o1\" lang=\"fr-FR\" dir=\"ltr\" data-wpcf7-id=\"10924\">\n<div class=\"screen-reader-response\"><p role=\"status\" aria-live=\"polite\" aria-atomic=\"true\"><\/p> <ul><\/ul><\/div>\n<form action=\"\/fr\/wp-json\/wp\/v2\/pages\/10934#wpcf7-f10924-o1\" method=\"post\" class=\"wpcf7-form init\" aria-label=\"Formulaire de contact\" novalidate=\"novalidate\" data-status=\"init\">\n<fieldset class=\"hidden-fields-container\"><input type=\"hidden\" name=\"_wpcf7\" value=\"10924\" \/><input type=\"hidden\" name=\"_wpcf7_version\" value=\"6.1.5\" \/><input type=\"hidden\" name=\"_wpcf7_locale\" value=\"fr_FR\" \/><input type=\"hidden\" name=\"_wpcf7_unit_tag\" value=\"wpcf7-f10924-o1\" \/><input type=\"hidden\" name=\"_wpcf7_container_post\" value=\"0\" \/><input type=\"hidden\" name=\"_wpcf7_posted_data_hash\" value=\"\" \/><input type=\"hidden\" name=\"_wpcf7cf_hidden_group_fields\" value=\"[]\" \/><input type=\"hidden\" name=\"_wpcf7cf_hidden_groups\" value=\"[]\" \/><input type=\"hidden\" name=\"_wpcf7cf_visible_groups\" value=\"[]\" \/><input type=\"hidden\" name=\"_wpcf7cf_repeaters\" value=\"[]\" \/><input type=\"hidden\" name=\"_wpcf7cf_steps\" value=\"{}\" \/><input type=\"hidden\" name=\"_wpcf7cf_options\" value=\"{&quot;form_id&quot;:10924,&quot;conditions&quot;:[],&quot;settings&quot;:{&quot;animation&quot;:&quot;yes&quot;,&quot;animation_intime&quot;:200,&quot;animation_outtime&quot;:200,&quot;conditions_ui&quot;:&quot;normal&quot;,&quot;notice_dismissed&quot;:false}}\" \/><input type=\"hidden\" name=\"_wpcf7_recaptcha_response\" value=\"\" \/>\n<\/fieldset>\n<p><span class=\"wpcf7-form-control-wrap\" data-name=\"radio-389\"><span class=\"wpcf7-form-control wpcf7-radio\"><span class=\"wpcf7-list-item first\"><label><input type=\"radio\" name=\"radio-389\" value=\"Demande g\u00e9n\u00e9rale\" checked=\"checked\" \/><span class=\"wpcf7-list-item-label\">Demande g\u00e9n\u00e9rale<\/span><\/label><\/span><span class=\"wpcf7-list-item last\"><label><input type=\"radio\" name=\"radio-389\" value=\"Commande de pi\u00e8ces de rechange\" \/><span class=\"wpcf7-list-item-label\">Commande de pi\u00e8ces de rechange<\/span><\/label><\/span><\/span><\/span>\n<\/p>\n<p><span class=\"wpcf7-form-control-wrap\" data-name=\"your-name\"><input size=\"40\" maxlength=\"400\" class=\"wpcf7-form-control wpcf7-text wpcf7-validates-as-required\" aria-required=\"true\" aria-invalid=\"false\" placeholder=\"Nom et pr\u00e9nom\" value=\"\" type=\"text\" name=\"your-name\" \/><\/span><br \/>\n<span class=\"wpcf7-form-control-wrap\" data-name=\"your-email\"><input size=\"40\" maxlength=\"400\" class=\"wpcf7-form-control wpcf7-email wpcf7-validates-as-required wpcf7-text wpcf7-validates-as-email\" aria-required=\"true\" aria-invalid=\"false\" placeholder=\"Adresse e-mail\" value=\"\" type=\"email\" name=\"your-email\" \/><\/span><br \/>\n<span class=\"wpcf7-form-control-wrap\" data-name=\"text-852\"><input size=\"40\" maxlength=\"400\" class=\"wpcf7-form-control wpcf7-text wpcf7-validates-as-required\" aria-required=\"true\" aria-invalid=\"false\" placeholder=\"Num\u00e9ro de commande Amazon \/ Num\u00e9ro de facture\" value=\"\" type=\"text\" name=\"text-852\" \/><\/span><br \/>\n<span class=\"wpcf7-form-control-wrap\" data-name=\"select-320\"><select class=\"wpcf7-form-control wpcf7-select wpcf7-validates-as-required\" aria-required=\"true\" aria-invalid=\"false\" name=\"select-320\"><option value=\"Nombre de pi\u00e8ces de rechange\">Nombre de pi\u00e8ces de rechange<\/option><option value=\"1 pi\u00e8ce\">1 pi\u00e8ce<\/option><option value=\"2 pi\u00e8ces\">2 pi\u00e8ces<\/option><option value=\"3 pi\u00e8ces\">3 pi\u00e8ces<\/option><option value=\"4 pi\u00e8ces\">4 pi\u00e8ces<\/option><option value=\"plus (veuillez l&#039;indiquer dans le texte du message)\">plus (veuillez l&#039;indiquer dans le texte du message)<\/option><\/select><\/span><br \/>\n<span class=\"wpcf7-form-control-wrap\" data-name=\"textarea-85\"><textarea cols=\"40\" rows=\"10\" maxlength=\"2000\" class=\"wpcf7-form-control wpcf7-textarea wpcf7-validates-as-required\" aria-required=\"true\" aria-invalid=\"false\" placeholder=\"\" name=\"textarea-85\"><\/textarea><\/span>\n<\/p>\n<p><span id=\"kontaktform\">\u00a0<\/span><br \/>\n<span class=\"wpcf7-form-control-wrap\" data-name=\"checkbox-148\"><span class=\"wpcf7-form-control wpcf7-checkbox wpcf7-validates-as-required\"><span class=\"wpcf7-list-item first last\"><input type=\"checkbox\" name=\"checkbox-148[]\" value=\"J&#039;accepte que clipfritz\u00ae traite \u00e9lectroniquement mes donn\u00e9es en relation avec cette demande.\" \/><span class=\"wpcf7-list-item-label\">J&#039;accepte que clipfritz\u00ae traite \u00e9lectroniquement mes donn\u00e9es en relation avec cette demande.<\/span><\/span><\/span><\/span>\n<\/p>\n<p><input class=\"wpcf7-form-control wpcf7-submit has-spinner\" type=\"submit\" value=\"Envoyer un message\" \/>\n<\/p><div class=\"wpcf7-response-output\" aria-hidden=\"true\"><\/div>\n<\/form>\n<\/div>\n<\/div>\n            <\/div>\t\t\t\t<\/div>\n\t\t\t\t<\/div>\n\t\t\t\t<\/div>\n\t\t<div class=\"has_eae_slider elementor-element elementor-element-d511a9f e-con-full e-flex e-con e-child\" data-eae-slider=\"9686\" data-particle_enable=\"false\" data-particle-mobile-disabled=\"false\" data-id=\"d511a9f\" data-element_type=\"container\" data-e-type=\"container\">\n\t\t\t\t<\/div>\n\t\t\t\t\t<\/div>\n\t\t\t\t<\/div>\n\t\t\t\t<\/div>\n\t\t","protected":false},"excerpt":{"rendered":"<p>Support \/ Pi\u00e8ces de rechange Allgemeine AnfrageErsatzteilbestellung Anzahl Ersatzteile1 St\u00fcck2 St\u00fcck3 St\u00fcck4 St\u00fcckmehr (bitte im Nachrichtentext angeben &nbsp; Ich bin damit einverstanden, dass clipfritz\u00ae meine Daten in Zusammenhang mit dieser Anfrage elektronisch verarbeitet.<\/p>\n","protected":false},"author":1,"featured_media":0,"parent":0,"menu_order":0,"comment_status":"closed","ping_status":"closed","template":"","meta":{"_acf_changed":false,"inline_featured_image":false,"footnotes":""},"class_list":["post-10934","page","type-page","status-publish","hentry"],"acf":[],"yoast_head":"<!-- This site is optimized with the Yoast SEO plugin v27.3 - https:\/\/yoast.com\/product\/yoast-seo-wordpress\/ -->\n<title>Support - clipfritz\u00ae<\/title>\n<meta name=\"robots\" content=\"index, follow, max-snippet:-1, max-image-preview:large, max-video-preview:-1\" \/>\n<link rel=\"canonical\" href=\"https:\/\/www.clipfritz.de\/fr\/support\/\" \/>\n<meta property=\"og:locale\" content=\"fr_FR\" \/>\n<meta property=\"og:type\" content=\"article\" \/>\n<meta property=\"og:title\" content=\"Support - clipfritz\u00ae\" \/>\n<meta property=\"og:description\" content=\"Support \/ Pi\u00e8ces de rechange Allgemeine AnfrageErsatzteilbestellung Anzahl Ersatzteile1 St\u00fcck2 St\u00fcck3 St\u00fcck4 St\u00fcckmehr (bitte im Nachrichtentext angeben &nbsp; Ich bin damit einverstanden, dass clipfritz\u00ae meine Daten in Zusammenhang mit dieser Anfrage elektronisch verarbeitet.\" \/>\n<meta property=\"og:url\" content=\"https:\/\/www.clipfritz.de\/fr\/support\/\" \/>\n<meta property=\"og:site_name\" content=\"clipfritz\u00ae\" \/>\n<meta property=\"article:modified_time\" content=\"2025-07-15T12:34:22+00:00\" \/>\n<meta name=\"twitter:card\" content=\"summary_large_image\" \/>\n<script type=\"application\/ld+json\" class=\"yoast-schema-graph\">{\"@context\":\"https:\\\/\\\/schema.org\",\"@graph\":[{\"@type\":\"WebPage\",\"@id\":\"https:\\\/\\\/www.clipfritz.de\\\/fr\\\/support\\\/\",\"url\":\"https:\\\/\\\/www.clipfritz.de\\\/fr\\\/support\\\/\",\"name\":\"Support - clipfritz\u00ae\",\"isPartOf\":{\"@id\":\"https:\\\/\\\/www.clipfritz.de\\\/fr\\\/#website\"},\"datePublished\":\"2025-07-04T08:27:45+00:00\",\"dateModified\":\"2025-07-15T12:34:22+00:00\",\"breadcrumb\":{\"@id\":\"https:\\\/\\\/www.clipfritz.de\\\/fr\\\/support\\\/#breadcrumb\"},\"inLanguage\":\"fr-FR\",\"potentialAction\":[{\"@type\":\"ReadAction\",\"target\":[\"https:\\\/\\\/www.clipfritz.de\\\/fr\\\/support\\\/\"]}]},{\"@type\":\"BreadcrumbList\",\"@id\":\"https:\\\/\\\/www.clipfritz.de\\\/fr\\\/support\\\/#breadcrumb\",\"itemListElement\":[{\"@type\":\"ListItem\",\"position\":1,\"name\":\"Startseite\",\"item\":\"https:\\\/\\\/www.clipfritz.de\\\/fr\\\/accueil\\\/\"},{\"@type\":\"ListItem\",\"position\":2,\"name\":\"Support\"}]},{\"@type\":\"WebSite\",\"@id\":\"https:\\\/\\\/www.clipfritz.de\\\/fr\\\/#website\",\"url\":\"https:\\\/\\\/www.clipfritz.de\\\/fr\\\/\",\"name\":\"clipfritz\u00ae\",\"description\":\"\",\"publisher\":{\"@id\":\"https:\\\/\\\/www.clipfritz.de\\\/fr\\\/#organization\"},\"potentialAction\":[{\"@type\":\"SearchAction\",\"target\":{\"@type\":\"EntryPoint\",\"urlTemplate\":\"https:\\\/\\\/www.clipfritz.de\\\/fr\\\/?s={search_term_string}\"},\"query-input\":{\"@type\":\"PropertyValueSpecification\",\"valueRequired\":true,\"valueName\":\"search_term_string\"}}],\"inLanguage\":\"fr-FR\"},{\"@type\":\"Organization\",\"@id\":\"https:\\\/\\\/www.clipfritz.de\\\/fr\\\/#organization\",\"name\":\"clipfritz\u00ae\",\"url\":\"https:\\\/\\\/www.clipfritz.de\\\/fr\\\/\",\"logo\":{\"@type\":\"ImageObject\",\"inLanguage\":\"fr-FR\",\"@id\":\"https:\\\/\\\/www.clipfritz.de\\\/fr\\\/#\\\/schema\\\/logo\\\/image\\\/\",\"url\":\"https:\\/\\/www.clipfritz.de\\/wp-content\\/uploads\\/favicon.png\",\"contentUrl\":\"https:\\/\\/www.clipfritz.de\\/wp-content\\/uploads\\/favicon.png\",\"width\":1024,\"height\":1024,\"caption\":\"clipfritz\u00ae\"},\"image\":{\"@id\":\"https:\\\/\\\/www.clipfritz.de\\\/fr\\\/#\\\/schema\\\/logo\\\/image\\\/\"}}]}<\/script>\n<!-- \/ Yoast SEO plugin. -->","yoast_head_json":{"title":"Support - clipfritz\u00ae","robots":{"index":"index","follow":"follow","max-snippet":"max-snippet:-1","max-image-preview":"max-image-preview:large","max-video-preview":"max-video-preview:-1"},"canonical":"https:\/\/www.clipfritz.de\/fr\/support\/","og_locale":"fr_FR","og_type":"article","og_title":"Support - clipfritz\u00ae","og_description":"Support \/ Pi\u00e8ces de rechange Allgemeine AnfrageErsatzteilbestellung Anzahl Ersatzteile1 St\u00fcck2 St\u00fcck3 St\u00fcck4 St\u00fcckmehr (bitte im Nachrichtentext angeben &nbsp; Ich bin damit einverstanden, dass clipfritz\u00ae meine Daten in Zusammenhang mit dieser Anfrage elektronisch verarbeitet.","og_url":"https:\/\/www.clipfritz.de\/fr\/support\/","og_site_name":"clipfritz\u00ae","article_modified_time":"2025-07-15T12:34:22+00:00","twitter_card":"summary_large_image","schema":{"@context":"https:\/\/schema.org","@graph":[{"@type":"WebPage","@id":"https:\/\/www.clipfritz.de\/fr\/support\/","url":"https:\/\/www.clipfritz.de\/fr\/support\/","name":"Support - clipfritz\u00ae","isPartOf":{"@id":"https:\/\/www.clipfritz.de\/fr\/#website"},"datePublished":"2025-07-04T08:27:45+00:00","dateModified":"2025-07-15T12:34:22+00:00","breadcrumb":{"@id":"https:\/\/www.clipfritz.de\/fr\/support\/#breadcrumb"},"inLanguage":"fr-FR","potentialAction":[{"@type":"ReadAction","target":["https:\/\/www.clipfritz.de\/fr\/support\/"]}]},{"@type":"BreadcrumbList","@id":"https:\/\/www.clipfritz.de\/fr\/support\/#breadcrumb","itemListElement":[{"@type":"ListItem","position":1,"name":"Startseite","item":"https:\/\/www.clipfritz.de\/fr\/accueil\/"},{"@type":"ListItem","position":2,"name":"Support"}]},{"@type":"WebSite","@id":"https:\/\/www.clipfritz.de\/fr\/#website","url":"https:\/\/www.clipfritz.de\/fr\/","name":"clipfritz\u00ae","description":"","publisher":{"@id":"https:\/\/www.clipfritz.de\/fr\/#organization"},"potentialAction":[{"@type":"SearchAction","target":{"@type":"EntryPoint","urlTemplate":"https:\/\/www.clipfritz.de\/fr\/?s={search_term_string}"},"query-input":{"@type":"PropertyValueSpecification","valueRequired":true,"valueName":"search_term_string"}}],"inLanguage":"fr-FR"},{"@type":"Organization","@id":"https:\/\/www.clipfritz.de\/fr\/#organization","name":"clipfritz\u00ae","url":"https:\/\/www.clipfritz.de\/fr\/","logo":{"@type":"ImageObject","inLanguage":"fr-FR","@id":"https:\/\/www.clipfritz.de\/fr\/#\/schema\/logo\/image\/","url":"https:\/\/mlrdw0stp2x1.i.optimole.com\/w:auto\/h:auto\/q:mauto\/ig:avif\/https:\/\/www.clipfritz.de\/wp-content\/uploads\/favicon.png","contentUrl":"https:\/\/mlrdw0stp2x1.i.optimole.com\/w:auto\/h:auto\/q:mauto\/ig:avif\/https:\/\/www.clipfritz.de\/wp-content\/uploads\/favicon.png","width":1024,"height":1024,"caption":"clipfritz\u00ae"},"image":{"@id":"https:\/\/www.clipfritz.de\/fr\/#\/schema\/logo\/image\/"}}]}},"_links":{"self":[{"href":"https:\/\/www.clipfritz.de\/fr\/wp-json\/wp\/v2\/pages\/10934","targetHints":{"allow":["GET"]}}],"collection":[{"href":"https:\/\/www.clipfritz.de\/fr\/wp-json\/wp\/v2\/pages"}],"about":[{"href":"https:\/\/www.clipfritz.de\/fr\/wp-json\/wp\/v2\/types\/page"}],"author":[{"embeddable":true,"href":"https:\/\/www.clipfritz.de\/fr\/wp-json\/wp\/v2\/users\/1"}],"replies":[{"embeddable":true,"href":"https:\/\/www.clipfritz.de\/fr\/wp-json\/wp\/v2\/comments?post=10934"}],"version-history":[{"count":1,"href":"https:\/\/www.clipfritz.de\/fr\/wp-json\/wp\/v2\/pages\/10934\/revisions"}],"predecessor-version":[{"id":10935,"href":"https:\/\/www.clipfritz.de\/fr\/wp-json\/wp\/v2\/pages\/10934\/revisions\/10935"}],"wp:attachment":[{"href":"https:\/\/www.clipfritz.de\/fr\/wp-json\/wp\/v2\/media?parent=10934"}],"curies":[{"name":"wp","href":"https:\/\/api.w.org\/{rel}","templated":true}]}}