{"id":2571,"date":"2022-01-07T14:39:07","date_gmt":"2022-01-07T13:39:07","guid":{"rendered":"https:\/\/www.clipfritz.de\/impronta\/"},"modified":"2024-05-08T20:48:14","modified_gmt":"2024-05-08T18:48:14","slug":"impronta","status":"publish","type":"page","link":"https:\/\/www.clipfritz.de\/it\/impronta\/","title":{"rendered":"Impronta"},"content":{"rendered":"\t\t<div data-elementor-type=\"wp-page\" data-elementor-id=\"2571\" class=\"elementor elementor-2571 elementor-268\" data-elementor-post-type=\"page\">\n\t\t\t\t\t\t<section class=\"has_eae_slider elementor-section elementor-top-section elementor-element elementor-element-32f6de33 elementor-section-full_width elementor-section-height-min-height elementor-section-height-default elementor-section-items-middle\" data-eae-slider=\"46050\" data-particle_enable=\"false\" data-particle-mobile-disabled=\"false\" data-id=\"32f6de33\" data-element_type=\"section\" data-e-type=\"section\" id=\"top\" data-settings=\"{&quot;background_background&quot;:&quot;classic&quot;}\">\n\t\t\t\t\t\t\t<div class=\"elementor-background-overlay\"><\/div>\n\t\t\t\t\t\t\t<div class=\"elementor-container elementor-column-gap-default\">\n\t\t\t\t\t<div class=\"has_eae_slider elementor-column elementor-col-100 elementor-top-column elementor-element elementor-element-5a4850b6\" data-eae-slider=\"57697\" data-id=\"5a4850b6\" data-element_type=\"column\" data-e-type=\"column\">\n\t\t\t<div class=\"elementor-widget-wrap elementor-element-populated\">\n\t\t\t\t\t\t<div class=\"elementor-element elementor-element-1ccb4c5d elementor-hidden-desktop elementor-hidden-tablet elementor-hidden-mobile elementor-invisible elementor-widget elementor-widget-heading\" data-id=\"1ccb4c5d\" data-element_type=\"widget\" data-e-type=\"widget\" data-settings=\"{&quot;_animation&quot;:&quot;fadeInDown&quot;}\" data-widget_type=\"heading.default\">\n\t\t\t\t<div class=\"elementor-widget-container\">\n\t\t\t\t\t<h1 class=\"elementor-heading-title elementor-size-default\">IMPRONTA<\/h1>\t\t\t\t<\/div>\n\t\t\t\t<\/div>\n\t\t\t\t\t<\/div>\n\t\t<\/div>\n\t\t\t\t\t<\/div>\n\t\t<\/section>\n\t\t\t\t<section class=\"has_eae_slider elementor-section elementor-top-section elementor-element elementor-element-2ebb5fb1 elementor-section-boxed elementor-section-height-default elementor-section-height-default\" data-eae-slider=\"24484\" data-particle_enable=\"false\" data-particle-mobile-disabled=\"false\" data-id=\"2ebb5fb1\" data-element_type=\"section\" data-e-type=\"section\" data-settings=\"{&quot;background_background&quot;:&quot;classic&quot;}\">\n\t\t\t\t\t\t<div class=\"elementor-container elementor-column-gap-wider\">\n\t\t\t\t\t<div class=\"has_eae_slider elementor-column elementor-col-100 elementor-top-column elementor-element elementor-element-3f7f426c\" data-eae-slider=\"12956\" data-id=\"3f7f426c\" data-element_type=\"column\" data-e-type=\"column\">\n\t\t\t<div class=\"elementor-widget-wrap elementor-element-populated\">\n\t\t\t\t\t\t<div class=\"elementor-element elementor-element-1f38a91c elementor-widget elementor-widget-heading\" data-id=\"1f38a91c\" data-element_type=\"widget\" data-e-type=\"widget\" data-widget_type=\"heading.default\">\n\t\t\t\t<div class=\"elementor-widget-container\">\n\t\t\t\t\t<h2 class=\"elementor-heading-title elementor-size-default\">Impronta<\/h2>\t\t\t\t<\/div>\n\t\t\t\t<\/div>\n\t\t\t\t<div class=\"elementor-element elementor-element-55666830 elementor-widget elementor-widget-text-editor\" data-id=\"55666830\" data-element_type=\"widget\" data-e-type=\"widget\" data-widget_type=\"text-editor.default\">\n\t\t\t\t<div class=\"elementor-widget-container\">\n\t\t\t\t\t\t\t\t\t<p>5ELF Ltd.<br \/>Am Kalkh\u00fcgel 19<br \/>D-99706 Sondershausen<\/p>\n<p><strong>Telefono:<\/strong> +49 3632 5789034<br \/><strong>Fax:<\/strong> +49 3632 5789035<\/p>\n<p><strong>e-mail:<\/strong> <a href=\"mailto:info@clipfritz.de\">info@clipfritz.de<\/a><\/p>\n<p><strong>Homepage:<\/strong> <a href=\"http:\/\/www.clipfritz.de\/\">www.clipfritz.de<\/a><\/p>\n<\/p>\n<p style=\"font-weight: 400;\">5ELF GmbH, sede legale: Sondershausen<\/p>\n<p style=\"font-weight: 400;\">Tribunale di Jena, HRB 519846, Partita IVA DE 815 255 163<\/p>\n<p style=\"font-weight: 400;\"><strong>Amministratore delegato:<\/strong> Mario Brosche<\/p>\n<p><strong><br \/>Responsabile dei contenuti ai sensi del \u00a7 18 para. 2 MStV:<\/strong><\/p>\n<p>Mario Brosche<br \/>Am Kalkh\u00fcgel 19<br \/>D-99706 Sondershausen<\/p>\n<h3>Esclusione di responsabilit\u00e0<\/h3>\n<p><strong>1. contenuto dell&#8217;offerta online<\/strong><br \/>L&#8217;autore non si assume alcuna responsabilit\u00e0 per l&#8217;attualit\u00e0, la correttezza, la completezza o la qualit\u00e0 delle informazioni fornite. Le richieste di responsabilit\u00e0 nei confronti dell&#8217;autore relative a danni materiali o immateriali causati dall&#8217;uso o dal mancato uso delle informazioni fornite o dall&#8217;uso di informazioni errate o incomplete sono fondamentalmente escluse, a meno che non vi siano prove di dolo o grave negligenza da parte dell&#8217;autore. Tutte le offerte sono soggette a modifiche e non sono vincolanti. L&#8217;autore si riserva espressamente il diritto di modificare, integrare o cancellare parti delle pagine o l&#8217;intera offerta senza preavviso o di interrompere temporaneamente o definitivamente la pubblicazione.<\/p>\n<p><strong>2. riferimenti e link<\/strong><br \/>Nel caso di riferimenti diretti o indiretti a siti web esterni (&#8220;collegamenti ipertestuali&#8221;) che si trovano al di fuori dell&#8217;area di responsabilit\u00e0 dell&#8217;autore, l&#8217;obbligo di responsabilit\u00e0 entrer\u00e0 in vigore solo nel caso in cui l&#8217;autore sia a conoscenza del contenuto e sia tecnicamente possibile e ragionevole per lui impedirne l&#8217;utilizzo in caso di contenuti illegali.<\/p>\n<p>L&#8217;autore dichiara espressamente che al momento della creazione dei link non erano riconoscibili contenuti illegali nelle pagine collegate. L&#8217;autore non ha alcuna influenza sul design attuale e futuro, sul contenuto o sulla paternit\u00e0 delle pagine collegate. Pertanto, prende espressamente le distanze da tutti i contenuti di tutte le pagine collegate che sono state modificate dopo la creazione del link. Questa dichiarazione si applica a tutti i link e i riferimenti presenti all&#8217;interno del sito web dell&#8217;autore, nonch\u00e9 alle voci di terze parti presenti nei libri degli ospiti, nei forum di discussione, negli elenchi di link, nelle mailing list e in tutte le altre forme di database creati dall&#8217;autore e al cui contenuto \u00e8 possibile accedere in scrittura esterna. Per i contenuti illegali, errati o incompleti e, in particolare, per i danni derivanti dall&#8217;uso o dal mancato uso di tali informazioni, \u00e8 responsabile solo il fornitore della pagina a cui si fa riferimento, non chi si limita a rimandare alla rispettiva pubblicazione tramite link.<\/p>\n<p><strong>3. leggi sul copyright e sull&#8217;etichettatura<\/strong><br \/>L&#8217;autore si impegna a rispettare i diritti d&#8217;autore delle immagini, dei grafici, dei documenti sonori, delle sequenze video e dei testi utilizzati in tutte le pubblicazioni, a utilizzare immagini, grafici, documenti sonori, sequenze video e testi creati da lui stesso o a fare uso di grafici, documenti sonori, sequenze video e testi privi di licenza. Tutti i nomi e i marchi di fabbrica citati nel sito web ed eventualmente protetti da terzi sono soggetti senza limitazioni alle disposizioni della legge sui marchi di fabbrica applicabile e ai diritti di propriet\u00e0 dei rispettivi proprietari registrati. La semplice menzione di un marchio non implica che esso non sia protetto da diritti di terzi!<\/p>\n<p>Il copyright per gli oggetti pubblicati creati dall&#8217;autore stesso rimane esclusivamente dell&#8217;autore delle pagine. La duplicazione o l&#8217;utilizzo di oggetti quali immagini, diagrammi, suoni o testi in altre pubblicazioni elettroniche o stampate non \u00e8 consentita senza il consenso dell&#8217;autore.<\/p>\n<p><strong>4. protezione dei dati<\/strong><br \/>Ulteriori informazioni sono disponibili nell&#8217;<a href=\"https:\/\/www.clipfritz.de\/it\/informativa-sulla-privacy\/\">informativa sulla privacy<\/a>.<\/p>\n<p><strong>5 Validit\u00e0 legale del presente disclaimer<\/strong><br \/>La presente clausola di esclusione della responsabilit\u00e0 deve essere considerata come parte integrante della pubblicazione internet da cui sei stato indirizzato. Se sezioni o singoli termini di questa dichiarazione non sono legali o corretti, il contenuto o la validit\u00e0 delle altre parti non sono influenzati da questo fatto.<\/p>\n\t\t\t\t\t\t\t\t<\/div>\n\t\t\t\t<\/div>\n\t\t\t\t\t<\/div>\n\t\t<\/div>\n\t\t\t\t\t<\/div>\n\t\t<\/section>\n\t\t\t\t<\/div>\n\t\t","protected":false},"excerpt":{"rendered":"<p>IMPRONTA Impronta 5ELF Ltd.Am Kalkh\u00fcgel 19D-99706 Sondershausen Telefono: +49 3632 5789034Fax: +49 3632 5789035 e-mail: info@clipfritz.de Homepage: www.clipfritz.de 5ELF GmbH, sede legale: Sondershausen Tribunale di Jena, HRB 519846, Partita IVA DE 815 255 163 Amministratore delegato: Mario Brosche Responsabile dei contenuti ai sensi del \u00a7 18 para. 2 MStV: Mario BroscheAm Kalkh\u00fcgel 19D-99706 Sondershausen Esclusione [&hellip;]<\/p>\n","protected":false},"author":1,"featured_media":0,"parent":0,"menu_order":0,"comment_status":"closed","ping_status":"closed","template":"","meta":{"_acf_changed":false,"inline_featured_image":false,"footnotes":""},"class_list":["post-2571","page","type-page","status-publish","hentry"],"acf":[],"yoast_head":"<!-- This site is optimized with the Yoast SEO plugin v27.2 - https:\/\/yoast.com\/product\/yoast-seo-wordpress\/ -->\n<title>Impronta - clipfritz\u00ae<\/title>\n<meta name=\"robots\" content=\"index, follow, max-snippet:-1, max-image-preview:large, max-video-preview:-1\" \/>\n<link rel=\"canonical\" href=\"https:\/\/www.clipfritz.de\/it\/impronta\/\" \/>\n<meta property=\"og:locale\" content=\"it_IT\" \/>\n<meta property=\"og:type\" content=\"article\" \/>\n<meta property=\"og:title\" content=\"Impronta - clipfritz\u00ae\" \/>\n<meta property=\"og:description\" content=\"IMPRONTA Impronta 5ELF Ltd.Am Kalkh\u00fcgel 19D-99706 Sondershausen Telefono: +49 3632 5789034Fax: +49 3632 5789035 e-mail: info@clipfritz.de Homepage: www.clipfritz.de 5ELF GmbH, sede legale: Sondershausen Tribunale di Jena, HRB 519846, Partita IVA DE 815 255 163 Amministratore delegato: Mario Brosche Responsabile dei contenuti ai sensi del \u00a7 18 para. 2 MStV: Mario BroscheAm Kalkh\u00fcgel 19D-99706 Sondershausen Esclusione [&hellip;]\" \/>\n<meta property=\"og:url\" content=\"https:\/\/www.clipfritz.de\/it\/impronta\/\" \/>\n<meta property=\"og:site_name\" content=\"clipfritz\u00ae\" \/>\n<meta property=\"article:modified_time\" content=\"2024-05-08T18:48:14+00:00\" \/>\n<meta name=\"twitter:card\" content=\"summary_large_image\" \/>\n<meta name=\"twitter:label1\" content=\"Tempo di lettura stimato\" \/>\n\t<meta name=\"twitter:data1\" content=\"3 minuti\" \/>\n<script type=\"application\/ld+json\" class=\"yoast-schema-graph\">{\"@context\":\"https:\/\/schema.org\",\"@graph\":[{\"@type\":\"WebPage\",\"@id\":\"https:\/\/www.clipfritz.de\/it\/impronta\/\",\"url\":\"https:\/\/www.clipfritz.de\/it\/impronta\/\",\"name\":\"Impronta - clipfritz\u00ae\",\"isPartOf\":{\"@id\":\"https:\/\/www.clipfritz.de\/it\/#website\"},\"datePublished\":\"2022-01-07T13:39:07+00:00\",\"dateModified\":\"2024-05-08T18:48:14+00:00\",\"breadcrumb\":{\"@id\":\"https:\/\/www.clipfritz.de\/it\/impronta\/#breadcrumb\"},\"inLanguage\":\"it-IT\",\"potentialAction\":[{\"@type\":\"ReadAction\",\"target\":[\"https:\/\/www.clipfritz.de\/it\/impronta\/\"]}]},{\"@type\":\"BreadcrumbList\",\"@id\":\"https:\/\/www.clipfritz.de\/it\/impronta\/#breadcrumb\",\"itemListElement\":[{\"@type\":\"ListItem\",\"position\":1,\"name\":\"Startseite\",\"item\":\"https:\/\/www.clipfritz.de\/it\/casa\/\"},{\"@type\":\"ListItem\",\"position\":2,\"name\":\"Impronta\"}]},{\"@type\":\"WebSite\",\"@id\":\"https:\/\/www.clipfritz.de\/it\/#website\",\"url\":\"https:\/\/www.clipfritz.de\/it\/\",\"name\":\"clipfritz\u00ae\",\"description\":\"\",\"publisher\":{\"@id\":\"https:\/\/www.clipfritz.de\/it\/#organization\"},\"potentialAction\":[{\"@type\":\"SearchAction\",\"target\":{\"@type\":\"EntryPoint\",\"urlTemplate\":\"https:\/\/www.clipfritz.de\/it\/?s={search_term_string}\"},\"query-input\":{\"@type\":\"PropertyValueSpecification\",\"valueRequired\":true,\"valueName\":\"search_term_string\"}}],\"inLanguage\":\"it-IT\"},{\"@type\":\"Organization\",\"@id\":\"https:\/\/www.clipfritz.de\/it\/#organization\",\"name\":\"clipfritz\u00ae\",\"url\":\"https:\/\/www.clipfritz.de\/it\/\",\"logo\":{\"@type\":\"ImageObject\",\"inLanguage\":\"it-IT\",\"@id\":\"https:\/\/www.clipfritz.de\/it\/#\/schema\/logo\/image\/\",\"url\":\"https:\/\/mlrdw0stp2x1.i.optimole.com\/w:auto\/h:auto\/q:mauto\/ig:avif\/https:\/\/www.clipfritz.de\/wp-content\/uploads\/favicon.png\",\"contentUrl\":\"https:\/\/mlrdw0stp2x1.i.optimole.com\/w:auto\/h:auto\/q:mauto\/ig:avif\/https:\/\/www.clipfritz.de\/wp-content\/uploads\/favicon.png\",\"width\":1024,\"height\":1024,\"caption\":\"clipfritz\u00ae\"},\"image\":{\"@id\":\"https:\/\/www.clipfritz.de\/it\/#\/schema\/logo\/image\/\"}}]}<\/script>\n<!-- \/ Yoast SEO plugin. -->","yoast_head_json":{"title":"Impronta - clipfritz\u00ae","robots":{"index":"index","follow":"follow","max-snippet":"max-snippet:-1","max-image-preview":"max-image-preview:large","max-video-preview":"max-video-preview:-1"},"canonical":"https:\/\/www.clipfritz.de\/it\/impronta\/","og_locale":"it_IT","og_type":"article","og_title":"Impronta - clipfritz\u00ae","og_description":"IMPRONTA Impronta 5ELF Ltd.Am Kalkh\u00fcgel 19D-99706 Sondershausen Telefono: +49 3632 5789034Fax: +49 3632 5789035 e-mail: info@clipfritz.de Homepage: www.clipfritz.de 5ELF GmbH, sede legale: Sondershausen Tribunale di Jena, HRB 519846, Partita IVA DE 815 255 163 Amministratore delegato: Mario Brosche Responsabile dei contenuti ai sensi del \u00a7 18 para. 2 MStV: Mario BroscheAm Kalkh\u00fcgel 19D-99706 Sondershausen Esclusione [&hellip;]","og_url":"https:\/\/www.clipfritz.de\/it\/impronta\/","og_site_name":"clipfritz\u00ae","article_modified_time":"2024-05-08T18:48:14+00:00","twitter_card":"summary_large_image","twitter_misc":{"Tempo di lettura stimato":"3 minuti"},"schema":{"@context":"https:\/\/schema.org","@graph":[{"@type":"WebPage","@id":"https:\/\/www.clipfritz.de\/it\/impronta\/","url":"https:\/\/www.clipfritz.de\/it\/impronta\/","name":"Impronta - clipfritz\u00ae","isPartOf":{"@id":"https:\/\/www.clipfritz.de\/it\/#website"},"datePublished":"2022-01-07T13:39:07+00:00","dateModified":"2024-05-08T18:48:14+00:00","breadcrumb":{"@id":"https:\/\/www.clipfritz.de\/it\/impronta\/#breadcrumb"},"inLanguage":"it-IT","potentialAction":[{"@type":"ReadAction","target":["https:\/\/www.clipfritz.de\/it\/impronta\/"]}]},{"@type":"BreadcrumbList","@id":"https:\/\/www.clipfritz.de\/it\/impronta\/#breadcrumb","itemListElement":[{"@type":"ListItem","position":1,"name":"Startseite","item":"https:\/\/www.clipfritz.de\/it\/casa\/"},{"@type":"ListItem","position":2,"name":"Impronta"}]},{"@type":"WebSite","@id":"https:\/\/www.clipfritz.de\/it\/#website","url":"https:\/\/www.clipfritz.de\/it\/","name":"clipfritz\u00ae","description":"","publisher":{"@id":"https:\/\/www.clipfritz.de\/it\/#organization"},"potentialAction":[{"@type":"SearchAction","target":{"@type":"EntryPoint","urlTemplate":"https:\/\/www.clipfritz.de\/it\/?s={search_term_string}"},"query-input":{"@type":"PropertyValueSpecification","valueRequired":true,"valueName":"search_term_string"}}],"inLanguage":"it-IT"},{"@type":"Organization","@id":"https:\/\/www.clipfritz.de\/it\/#organization","name":"clipfritz\u00ae","url":"https:\/\/www.clipfritz.de\/it\/","logo":{"@type":"ImageObject","inLanguage":"it-IT","@id":"https:\/\/www.clipfritz.de\/it\/#\/schema\/logo\/image\/","url":"https:\/\/mlrdw0stp2x1.i.optimole.com\/w:auto\/h:auto\/q:mauto\/ig:avif\/https:\/\/www.clipfritz.de\/wp-content\/uploads\/favicon.png","contentUrl":"https:\/\/mlrdw0stp2x1.i.optimole.com\/w:auto\/h:auto\/q:mauto\/ig:avif\/https:\/\/www.clipfritz.de\/wp-content\/uploads\/favicon.png","width":1024,"height":1024,"caption":"clipfritz\u00ae"},"image":{"@id":"https:\/\/www.clipfritz.de\/it\/#\/schema\/logo\/image\/"}}]}},"_links":{"self":[{"href":"https:\/\/www.clipfritz.de\/it\/wp-json\/wp\/v2\/pages\/2571","targetHints":{"allow":["GET"]}}],"collection":[{"href":"https:\/\/www.clipfritz.de\/it\/wp-json\/wp\/v2\/pages"}],"about":[{"href":"https:\/\/www.clipfritz.de\/it\/wp-json\/wp\/v2\/types\/page"}],"author":[{"embeddable":true,"href":"https:\/\/www.clipfritz.de\/it\/wp-json\/wp\/v2\/users\/1"}],"replies":[{"embeddable":true,"href":"https:\/\/www.clipfritz.de\/it\/wp-json\/wp\/v2\/comments?post=2571"}],"version-history":[{"count":0,"href":"https:\/\/www.clipfritz.de\/it\/wp-json\/wp\/v2\/pages\/2571\/revisions"}],"wp:attachment":[{"href":"https:\/\/www.clipfritz.de\/it\/wp-json\/wp\/v2\/media?parent=2571"}],"curies":[{"name":"wp","href":"https:\/\/api.w.org\/{rel}","templated":true}]}}